                                                                                                                                                                                                                                                                                                                                                                                                                                         {"id":2,"date":"2023-06-16T14:38:03","date_gmt":"2023-06-16T17:38:03","guid":{"rendered":"http:\/\/malubraganca.com.br\/?page_id=2"},"modified":"2024-08-16T03:49:10","modified_gmt":"2024-08-16T06:49:10","slug":"pagina-exemplo","status":"publish","type":"page","link":"https:\/\/malubraganca.com.br\/","title":{"rendered":"Malu Bragan\u00e7a"},"content":{"rendered":"\t\t<div data-elementor-type=\"wp-page\" data-elementor-id=\"2\" class=\"elementor elementor-2\">\n\t\t\t\t\t\t\t\t\t<section class=\"elementor-section elementor-top-section elementor-element elementor-element-130d572 elementor-section-boxed elementor-section-height-default elementor-section-height-default\" data-id=\"130d572\" data-element_type=\"section\">\n\t\t\t\t\t\t<div class=\"elementor-container elementor-column-gap-default\">\n\t\t\t\t\t<div class=\"elementor-column elementor-col-100 elementor-top-column elementor-element elementor-element-63650ff\" data-id=\"63650ff\" data-element_type=\"column\">\n\t\t\t<div class=\"elementor-widget-wrap elementor-element-populated\">\n\t\t\t\t\t\t\t\t<div class=\"elementor-element elementor-element-4ec64dd elementor-widget elementor-widget-heading\" data-id=\"4ec64dd\" data-element_type=\"widget\" data-widget_type=\"heading.default\">\n\t\t\t\t<div class=\"elementor-widget-container\">\n\t\t\t<style>\/*! elementor - v3.13.3 - 28-05-2023 *\/\n.elementor-heading-title{padding:0;margin:0;line-height:1}.elementor-widget-heading .elementor-heading-title[class*=elementor-size-]>a{color:inherit;font-size:inherit;line-height:inherit}.elementor-widget-heading .elementor-heading-title.elementor-size-small{font-size:15px}.elementor-widget-heading .elementor-heading-title.elementor-size-medium{font-size:19px}.elementor-widget-heading .elementor-heading-title.elementor-size-large{font-size:29px}.elementor-widget-heading .elementor-heading-title.elementor-size-xl{font-size:39px}.elementor-widget-heading .elementor-heading-title.elementor-size-xxl{font-size:59px}<\/style><h2 class=\"elementor-heading-title elementor-size-default\">ELEI\u00c7\u00d5ES 2024<\/h2>\t\t<\/div>\n\t\t\t\t<\/div>\n\t\t\t\t\t<\/div>\n\t\t<\/div>\n\t\t\t\t\t\t\t<\/div>\n\t\t<\/section>\n\t\t\t\t<section class=\"elementor-section elementor-top-section elementor-element elementor-element-826756b elementor-section-boxed elementor-section-height-default elementor-section-height-default\" data-id=\"826756b\" data-element_type=\"section\" data-settings=\"{&quot;background_background&quot;:&quot;classic&quot;}\">\n\t\t\t\t\t\t<div class=\"elementor-container elementor-column-gap-default\">\n\t\t\t\t\t<div class=\"elementor-column elementor-col-100 elementor-top-column elementor-element elementor-element-03c63f5\" data-id=\"03c63f5\" data-element_type=\"column\">\n\t\t\t<div class=\"elementor-widget-wrap elementor-element-populated\">\n\t\t\t\t\t\t\t\t<div class=\"elementor-element elementor-element-896fa86 elementor-widget elementor-widget-heading\" data-id=\"896fa86\" data-element_type=\"widget\" data-widget_type=\"heading.default\">\n\t\t\t\t<div class=\"elementor-widget-container\">\n\t\t\t<h2 class=\"elementor-heading-title elementor-size-default\">PREFEITA MALU<\/h2>\t\t<\/div>\n\t\t\t\t<\/div>\n\t\t\t\t<div class=\"elementor-element elementor-element-b103a2a elementor-widget elementor-widget-heading\" data-id=\"b103a2a\" data-element_type=\"widget\" data-widget_type=\"heading.default\">\n\t\t\t\t<div class=\"elementor-widget-container\">\n\t\t\t<h2 class=\"elementor-heading-title elementor-size-default\">(Maria Luiza Bicca Bragan\u00e7a Ferreira)<\/h2>\t\t<\/div>\n\t\t\t\t<\/div>\n\t\t\t\t<div class=\"elementor-element elementor-element-2e9c48b elementor-widget elementor-widget-heading\" data-id=\"2e9c48b\" data-element_type=\"widget\" data-widget_type=\"heading.default\">\n\t\t\t\t<div class=\"elementor-widget-container\">\n\t\t\t<h2 class=\"elementor-heading-title elementor-size-default\">VICE EVANDRO<\/h2>\t\t<\/div>\n\t\t\t\t<\/div>\n\t\t\t\t<div class=\"elementor-element elementor-element-20fe4af elementor-widget elementor-widget-image\" data-id=\"20fe4af\" data-element_type=\"widget\" data-widget_type=\"image.default\">\n\t\t\t\t<div class=\"elementor-widget-container\">\n\t\t\t<style>\/*! elementor - v3.13.3 - 28-05-2023 *\/\n.elementor-widget-image{text-align:center}.elementor-widget-image a{display:inline-block}.elementor-widget-image a img[src$=\".svg\"]{width:48px}.elementor-widget-image img{vertical-align:middle;display:inline-block}<\/style>\t\t\t\t\t\t\t\t\t\t\t\t<img loading=\"lazy\" decoding=\"async\" width=\"1024\" height=\"683\" src=\"https:\/\/malubraganca.com.br\/wp-content\/uploads\/2024\/08\/WhatsApp-Image-2024-08-04-at-22.53.50-1024x683.jpeg\" class=\"attachment-large size-large wp-image-35\" alt=\"\" srcset=\"https:\/\/malubraganca.com.br\/wp-content\/uploads\/2024\/08\/WhatsApp-Image-2024-08-04-at-22.53.50-1024x683.jpeg 1024w, https:\/\/malubraganca.com.br\/wp-content\/uploads\/2024\/08\/WhatsApp-Image-2024-08-04-at-22.53.50-300x200.jpeg 300w, https:\/\/malubraganca.com.br\/wp-content\/uploads\/2024\/08\/WhatsApp-Image-2024-08-04-at-22.53.50-768x512.jpeg 768w, https:\/\/malubraganca.com.br\/wp-content\/uploads\/2024\/08\/WhatsApp-Image-2024-08-04-at-22.53.50-1536x1024.jpeg 1536w, https:\/\/malubraganca.com.br\/wp-content\/uploads\/2024\/08\/WhatsApp-Image-2024-08-04-at-22.53.50-2048x1365.jpeg 2048w\" sizes=\"(max-width: 1024px) 100vw, 1024px\" \/>\t\t\t\t\t\t\t\t\t\t\t\t\t\t\t<\/div>\n\t\t\t\t<\/div>\n\t\t\t\t<div class=\"elementor-element elementor-element-c691683 elementor-align-center elementor-widget elementor-widget-button\" data-id=\"c691683\" data-element_type=\"widget\" data-widget_type=\"button.default\">\n\t\t\t\t<div class=\"elementor-widget-container\">\n\t\t\t\t\t<div class=\"elementor-button-wrapper\">\n\t\t\t<a href=\"http:\/\/malubraganca.com.br\/wp-content\/uploads\/2024\/08\/PlanodeGoverno_MalueEvandro_SaoGabrielComEsperanca-2.pdf\" class=\"elementor-button-link elementor-button elementor-size-sm\" role=\"button\">\n\t\t\t\t\t\t<span class=\"elementor-button-content-wrapper\">\n\t\t\t\t\t\t<span class=\"elementor-button-text\">Baixe o nosso plano de governo<\/span>\n\t\t<\/span>\n\t\t\t\t\t<\/a>\n\t\t<\/div>\n\t\t\t\t<\/div>\n\t\t\t\t<\/div>\n\t\t\t\t<div class=\"elementor-element elementor-element-44bfff8 elementor-widget elementor-widget-heading\" data-id=\"44bfff8\" data-element_type=\"widget\" data-widget_type=\"heading.default\">\n\t\t\t\t<div class=\"elementor-widget-container\">\n\t\t\t<h2 class=\"elementor-heading-title elementor-size-default\">MALU BRAGAN\u00c7A<\/h2>\t\t<\/div>\n\t\t\t\t<\/div>\n\t\t\t\t<div class=\"elementor-element elementor-element-0ae9673 elementor-widget elementor-widget-heading\" data-id=\"0ae9673\" data-element_type=\"widget\" data-widget_type=\"heading.default\">\n\t\t\t\t<div class=\"elementor-widget-container\">\n\t\t\t<h2 class=\"elementor-heading-title elementor-size-default\">CONHE\u00c7A A SUA FUTURA PREFEITA<\/h2>\t\t<\/div>\n\t\t\t\t<\/div>\n\t\t\t\t<div class=\"elementor-element elementor-element-a1549f9 elementor-widget elementor-widget-heading\" data-id=\"a1549f9\" data-element_type=\"widget\" data-widget_type=\"heading.default\">\n\t\t\t\t<div class=\"elementor-widget-container\">\n\t\t\t<h2 class=\"elementor-heading-title elementor-size-default\">Malu Bragan\u00e7a \u00e9 natural de S\u00e3o Gabriel, tem o umbigo enterrado em Catu\u00e7aba, na Est\u00e2ncia do Boqueir\u00e3o, de propriedade dos seus av\u00f3s. \u00c9 casada com Matheus, com quem tem dois filhos: Mathias e Matteo. \u00c9 advogada, atua na \u00e1rea de Direito de Fam\u00edlia, sendo propriet\u00e1ria do escrit\u00f3rio Bragan\u00e7a, Mario &amp; Ramos Advogadas; dedica-se \u00e0 atividade pecu\u00e1ria e ovinocultura junto com sua fam\u00edlia. Come\u00e7ou muito cedo na pol\u00edtica, acompanhando a trajet\u00f3ria dos pais Ricardo e N\u00e9ca Bragan\u00e7a. De 2014 a 2016, foi a Secret\u00e1ria Municipal de Turismo, Cultura, Desporto e Lazer mais jovem da hist\u00f3ria de S\u00e3o Gabriel, dedicando-se especialmente na promo\u00e7\u00e3o da cultura e do esporte, com iniciativas que apoiaram o tradicionalismo, as ligas esportivas e os eventos culturais de todos os tipos, realizando os dois \u00faltimos carnavais de rua na cidade. Trabalhou como Assessora Parlamentar na Assembleia Legislativa do Estado e atualmente \u00e9 Vereadora do PDT, tendo sido a mulher mais votada na elei\u00e7\u00e3o de 2020. Na C\u00e2mara de Vereadores, consolidou-se como L\u00edder da Oposi\u00e7\u00e3o, desempenhando um mandato combativo, legislando e fiscalizando com muita seriedade, marcando sua atua\u00e7\u00e3o por lutas justas a favor da comunidade gabrielense, como a quest\u00e3o da \u00e1gua, as fiscaliza\u00e7\u00f5es dos gastos p\u00fablicos e contratos, al\u00e9m de ter atuado bastante nos bairros, vilas e interior do Munic\u00edpio, sempre participativa e empenhada em dialogar sobre S\u00e3o Gabriel com as pessoas. Presidiu a Comiss\u00e3o de Constitui\u00e7\u00e3o e Justi\u00e7a da C\u00e2mara de Vereadores, fundou a Procuradoria Especial da Mulher, sendo a primeira Procuradora, e foi uma das  autoras de requerimentos de abertura da CPI da \u00c1gua e do \u2018\u2019Patrol\u00e3o\u2019\u2019. Autora do Projeto de Lei que previu estudo de impacto financeiro para redu\u00e7\u00e3o da tarifa de esgoto, denunciando acordo firmado em tempo recorde pela Prefeitura com a S\u00e3o Gabriel Saneamento. Malu conhece cada palmo de S\u00e3o Gabriel. Quer ser a primeira Prefeita, para que a cidade tenha um governo plural e com perspectiva de desenvolvimento. Entende a crise e o desleixo com a nossa gente e quer retomar a esperan\u00e7a dos gabrielenses e o desenvolvimento da cidade.<\/h2>\t\t<\/div>\n\t\t\t\t<\/div>\n\t\t\t\t\t<\/div>\n\t\t<\/div>\n\t\t\t\t\t\t\t<\/div>\n\t\t<\/section>\n\t\t\t\t<section class=\"elementor-section elementor-top-section elementor-element elementor-element-87d52a9 elementor-section-boxed elementor-section-height-default elementor-section-height-default\" data-id=\"87d52a9\" data-element_type=\"section\">\n\t\t\t\t\t\t<div class=\"elementor-container elementor-column-gap-default\">\n\t\t\t\t\t<div class=\"elementor-column elementor-col-100 elementor-top-column elementor-element elementor-element-e896b39\" data-id=\"e896b39\" data-element_type=\"column\">\n\t\t\t<div class=\"elementor-widget-wrap elementor-element-populated\">\n\t\t\t\t\t\t\t\t<div class=\"elementor-element elementor-element-d37706b elementor-widget elementor-widget-heading\" data-id=\"d37706b\" data-element_type=\"widget\" data-widget_type=\"heading.default\">\n\t\t\t\t<div class=\"elementor-widget-container\">\n\t\t\t<h2 class=\"elementor-heading-title elementor-size-default\"><span style=\"font-family: Arial; font-size: 8pt; caret-color: rgb(0, 0, 0); color: rgb(0, 0, 0); text-align: start; white-space: normal; background-color: var(--wp--preset--color--base);\">ELEICAO 2024 MARIA LUIZA BICCA BRAGANCA FERREIRA PREFEITO - CNPJ<\/span> <span style=\"font-family: Arial; font-size: 8pt; caret-color: rgb(0, 0, 0); color: rgb(0, 0, 0); text-align: start; white-space: normal; background-color: var(--wp--preset--color--base);\">56.460.089\/0001-23<\/span><span style=\"background-color: var(--wp--preset--color--base);\"><\/span><br><\/h2>\t\t<\/div>\n\t\t\t\t<\/div>\n\t\t\t\t\t<\/div>\n\t\t<\/div>\n\t\t\t\t\t\t\t<\/div>\n\t\t<\/section>\n\t\t\t\t\t\t\t<\/div>\n\t\t","protected":false},"excerpt":{"rendered":"<p>ELEI\u00c7\u00d5ES 2024 PREFEITA MALU (Maria Luiza Bicca Bragan\u00e7a Ferreira) VICE EVANDRO Baixe o nosso plano de governo MALU BRAGAN\u00c7A CONHE\u00c7A A SUA FUTURA PREFEITA Malu Bragan\u00e7a \u00e9 natural de S\u00e3o Gabriel, tem o umbigo enterrado em Catu\u00e7aba, na Est\u00e2ncia do Boqueir\u00e3o, de propriedade dos seus av\u00f3s. \u00c9 casada com Matheus, com quem tem dois filhos: [&hellip;]<\/p>\n","protected":false},"author":1,"featured_media":0,"parent":0,"menu_order":0,"comment_status":"closed","ping_status":"open","template":"elementor_canvas","meta":{"footnotes":""},"_links":{"self":[{"href":"https:\/\/malubraganca.com.br\/index.php\/wp-json\/wp\/v2\/pages\/2"}],"collection":[{"href":"https:\/\/malubraganca.com.br\/index.php\/wp-json\/wp\/v2\/pages"}],"about":[{"href":"https:\/\/malubraganca.com.br\/index.php\/wp-json\/wp\/v2\/types\/page"}],"author":[{"embeddable":true,"href":"https:\/\/malubraganca.com.br\/index.php\/wp-json\/wp\/v2\/users\/1"}],"replies":[{"embeddable":true,"href":"https:\/\/malubraganca.com.br\/index.php\/wp-json\/wp\/v2\/comments?post=2"}],"version-history":[{"count":35,"href":"https:\/\/malubraganca.com.br\/index.php\/wp-json\/wp\/v2\/pages\/2\/revisions"}],"predecessor-version":[{"id":55,"href":"https:\/\/malubraganca.com.br\/index.php\/wp-json\/wp\/v2\/pages\/2\/revisions\/55"}],"wp:attachment":[{"href":"https:\/\/malubraganca.com.br\/index.php\/wp-json\/wp\/v2\/media?parent=2"}],"curies":[{"name":"wp","href":"https:\/\/api.w.org\/{rel}","templated":true}]}}